{"id":57,"date":"2021-07-24T23:40:36","date_gmt":"2021-07-24T23:40:36","guid":{"rendered":"https:\/\/amnlp.org\/?page_id=57"},"modified":"2021-07-29T06:19:57","modified_gmt":"2021-07-29T06:19:57","slug":"proyectos","status":"publish","type":"page","link":"https:\/\/amnlp.org\/index.php\/proyectos\/","title":{"rendered":"Conoce nuestros proyectos"},"content":{"rendered":"\n<p style=\"font-size:18px\">Desde la creaci\u00f3n de contenido web y aplicaciones m\u00f3viles, hasta sistemas basados en <strong>Inteligencia Artificial<\/strong> para procesar y &#8220;entender&#8221; las lenguas nativas.<\/p>\n\n\n\n<p>Herramientas tecnol\u00f3gicas y novedosas al servicio de las lenguas minoritarias. <\/p>\n\n\n\n<div class=\"wp-block-columns alignwide are-vertically-aligned-center\">\n<div class=\"wp-block-column is-vertically-aligned-center\" style=\"flex-basis:100%\">\n<div class=\"wp-block-columns\">\n<div class=\"wp-block-column is-vertically-aligned-center\" style=\"flex-basis:100%\">\n<figure class=\"wp-block-table is-style-stripes\"><table><thead><tr><th class=\"has-text-align-center\" data-align=\"center\"><strong>Nombre<\/strong><\/th><th class=\"has-text-align-center\" data-align=\"center\"><strong>Descripci\u00f3n<\/strong><\/th><th class=\"has-text-align-center\" data-align=\"center\"><strong>Estatus<\/strong><\/th><th class=\"has-text-align-center\" data-align=\"center\"><strong>Apoyan<\/strong><\/th><\/tr><\/thead><tbody><tr><td class=\"has-text-align-center\" data-align=\"center\"><strong>Indlex, recolecci\u00f3n de  lenguas<\/strong><br>&nbsp;&nbsp;&nbsp;&nbsp;&nbsp;&nbsp;&nbsp;&nbsp;&nbsp;&nbsp;&nbsp;&nbsp;&nbsp;&nbsp;&nbsp;&nbsp;<br>                                  <\/td><td class=\"has-text-align-center\" data-align=\"center\">Ayudamos a la preservaci\u00f3n de lenguas minoritarias a trav\u00e9s de la recolecci\u00f3n sistem\u00e1tica de elementos ling\u00fc\u00edsticos. Indlex emplea didacticas de gamificaci\u00f3n y ademas promueve la inclusi\u00f3n de sus hablantes.<br>Los recursos obtenidos ser\u00e1n p\u00fablicos y apoyan la creaci\u00f3n de aplicaciones basadas en Inteligencia Artificial que faciliten la preservaci\u00f3n de estas lenguas y la inclusi\u00f3n de sus hablantes.<\/td><td class=\"has-text-align-center\" data-align=\"center\">Android app en desarrollo<\/td><td class=\"has-text-align-center\" data-align=\"center\">Hablantes y activistas de lenguas originarias, <br>CIC-IPN,<br>UMSMH,<br>CSU\/UCLA,<br>SIP-IPN*<br>                                                 <\/td><\/tr><tr><td class=\"has-text-align-center\" data-align=\"center\"><strong>Ense\u00f1anza de lenguas<\/strong><\/td><td class=\"has-text-align-center\" data-align=\"center\">Desarrollo de <strong>aplicaciones educativas para el aprendizaje de lenguas ind\u00edgenas<\/strong>, mediante recursos generados por computadora, conocimientos ling\u00fc\u00edsticos y estrategias pedag\u00f3gicas de ense\u00f1anza, que faciliten la obtenci\u00f3n de estos conocimientos de forma did\u00e1ctica. <\/td><td class=\"has-text-align-center\" data-align=\"center\">Android app en desarrollo<\/td><td class=\"has-text-align-center\" data-align=\"center\">Comunidad Con\u00f3celos,<br>CIC-IPN<\/td><\/tr><tr><td class=\"has-text-align-center\" data-align=\"center\"><strong>Pioli<\/strong><\/td><td class=\"has-text-align-center\" data-align=\"center\">El nuevo concepto de red social para la interacci\u00f3n de los hablantes de lenguas minoritarias. <br>Pioli incorpora <em>caracter\u00edsticas propias de la cultura ind\u00edgena<\/em>, ofreciendo as\u00ed, un inmenso abanico de posibilidades que permitir\u00e1n a los usuarios elegir entre m\u00e1s de 12 emociones y reacciones, convirtiendo un simple &#8220;Me gusta&#8221; en algo m\u00e1s que una palabra, proveyendo a las publicaciones del tono y contexto adecuados. <br>&#8220;<strong>Kuikat<\/strong>&#8221; (trino).<\/td><td class=\"has-text-align-center\" data-align=\"center\">Validaci\u00f3n de concepto<\/td><td class=\"has-text-align-center\" data-align=\"center\">CIC-IPN,<br>UMSMH,<br>CSU\/UCLA,<br>SIP-IPN*<\/td><\/tr><tr><td class=\"has-text-align-center\" data-align=\"center\"><strong>PLN Ind\u00edgenas<\/strong><\/td><td class=\"has-text-align-center\" data-align=\"center\"><strong>Congreso<\/strong> <strong>Internacional sobre Procesamiento de Lenguaje Natural<\/strong> especializado en <em>Lenguas Ind\u00edgenas<\/em>, organizado por la AMNLP, la Universidad Michoacana de San Nicol\u00e1s de Hidalgo (UMSNH) y el Centro de Investigaci\u00f3n en Computaci\u00f3n del Instituto Polit\u00e9cnico Nacional.<\/td><td class=\"has-text-align-center\" data-align=\"center\">En marcha<\/td><td class=\"has-text-align-center\" data-align=\"center\">CIC-IPN,<br>UMSMH<\/td><\/tr><tr><td class=\"has-text-align-center\" data-align=\"center\"><strong>Ind\u00edgenas en AI<\/strong><\/td><td class=\"has-text-align-center\" data-align=\"center\">Capacitamos a los hablantes con habilidades tecnol\u00f3gicas que los doten de conocimientos para generar un software propio con el que, eventualmente, podr\u00e1n generar ingresos, financiar y desarrollar investigaciones cient\u00edficas en Inteligencia Artificial, conservando, fortaleciendo y promoviendo sus lenguas sin necesidad de abandonar sus comunidades<\/td><td class=\"has-text-align-center\" data-align=\"center\">Etapa inicial<\/td><td class=\"has-text-align-center\" data-align=\"center\">CIC-IPN<\/td><\/tr><\/tbody><\/table><\/figure>\n<\/div>\n<\/div>\n\n\n\n<div class=\"wp-block-columns alignwide are-vertically-aligned-center\">\n<div class=\"wp-block-column is-vertically-aligned-center\" style=\"flex-basis:100%\"><\/div>\n<\/div>\n<\/div>\n<\/div>\n\n\n\n<h2 class=\"has-text-align-center\"><strong>Particularmente<\/strong><\/h2>\n\n\n\n<p style=\"font-size:18px\">Nuestra meta va m\u00e1s all\u00e1 de la conservaci\u00f3n de las lenguas como piezas de museo. <\/p>\n\n\n\n<p style=\"font-size:18px\">Trabajamos para formar una comunidad din\u00e1mica que permita a los hablantes de lenguas originarias ejercer su autonom\u00eda, mientras preservan, protegen y promueven sus lenguas, aprovechando los beneficios de la tecnolog\u00eda sin perder la conexi\u00f3n con sus ra\u00edces. <\/p>\n\n\n\n<p><\/p>\n","protected":false},"excerpt":{"rendered":"<p>Desde la creaci\u00f3n de contenido web y aplicaciones m\u00f3viles, hasta sistemas basados en Inteligencia Artificial para procesar y &#8220;entender&#8221; las [&hellip;]<\/p>\n","protected":false},"author":1,"featured_media":0,"parent":0,"menu_order":0,"comment_status":"closed","ping_status":"closed","template":"","meta":{"om_disable_all_campaigns":false,"_monsterinsights_skip_tracking":false,"_monsterinsights_sitenote_active":false,"_monsterinsights_sitenote_note":"","_monsterinsights_sitenote_category":0},"aioseo_notices":[],"_links":{"self":[{"href":"https:\/\/amnlp.org\/index.php\/wp-json\/wp\/v2\/pages\/57"}],"collection":[{"href":"https:\/\/amnlp.org\/index.php\/wp-json\/wp\/v2\/pages"}],"about":[{"href":"https:\/\/amnlp.org\/index.php\/wp-json\/wp\/v2\/types\/page"}],"author":[{"embeddable":true,"href":"https:\/\/amnlp.org\/index.php\/wp-json\/wp\/v2\/users\/1"}],"replies":[{"embeddable":true,"href":"https:\/\/amnlp.org\/index.php\/wp-json\/wp\/v2\/comments?post=57"}],"version-history":[{"count":42,"href":"https:\/\/amnlp.org\/index.php\/wp-json\/wp\/v2\/pages\/57\/revisions"}],"predecessor-version":[{"id":164,"href":"https:\/\/amnlp.org\/index.php\/wp-json\/wp\/v2\/pages\/57\/revisions\/164"}],"wp:attachment":[{"href":"https:\/\/amnlp.org\/index.php\/wp-json\/wp\/v2\/media?parent=57"}],"curies":[{"name":"wp","href":"https:\/\/api.w.org\/{rel}","templated":true}]}}