{"id":39,"date":"2021-07-20T15:55:43","date_gmt":"2021-07-20T15:55:43","guid":{"rendered":"https:\/\/amnlp.org\/?page_id=39"},"modified":"2024-07-12T16:58:23","modified_gmt":"2024-07-12T16:58:23","slug":"congreso-plni-2021","status":"publish","type":"page","link":"https:\/\/amnlp.org\/index.php\/congreso-plni-2021\/","title":{"rendered":"Congreso PLNI"},"content":{"rendered":"\n<div class=\"wp-block-image\"><figure class=\"aligncenter size-large\"><img loading=\"lazy\" width=\"138\" height=\"138\" src=\"https:\/\/amnlp.org\/wp-content\/uploads\/2021\/07\/image.png\" alt=\"\" class=\"wp-image-41\"\/><\/figure><\/div>\n\n\n\n<p class=\"has-text-align-center\"><strong>CONGRESO INTERNACIONAL DE PROCESAMIENTO DE LENGUAJE NATURAL PARA LAS LENGUAS IND\u00cdGENAS<\/strong><\/p>\n\n\n\n<h1 class=\"has-text-align-center\"><strong>PLN Ind\u00edgenas<\/strong><\/h1>\n\n\n\n<p class=\"has-text-align-center\"><br><strong>Ciudad Universitaria, Morelia, Michoac\u00e1n<\/strong><\/p>\n\n\n\n<p class=\"has-text-align-center\"><strong><a href=\"http:\/\/plnindigenas.org\" title=\"\">INGRESA A LA P\u00c1GINA DEL CONGRESO AQU\u00cd<\/a><\/strong><\/p>\n\n\n\n<p><strong>MODALIDAD VIRTUAL<\/strong><\/p>\n\n\n\n<p><strong>Objetivos:<\/strong><\/p>\n\n\n\n<ol type=\"1\"><li>Difundir los avances cient\u00edficos y tecnol\u00f3gicos en Procesamiento de Lenguaje Natural, en especial en lenguas con pocos recursos computacionales.<\/li><li>Promover la presentaci\u00f3n de propuestas y proyectos de investigaci\u00f3n que fomenten el uso, aprendizaje y conservaci\u00f3n de las Lenguas Ind\u00edgenas.<\/li><li>Contribuir a la vinculaci\u00f3n con la sociedad a trav\u00e9s de un foro entre las instituciones de investigaci\u00f3n y docencia, las empresas, as\u00ed como otras organizaciones gubernamentales y no gubernamentales interesadas en la conservaci\u00f3n de las lenguas ind\u00edgenas y la inclusi\u00f3n y la igualdad de sus hablantes.<\/li><\/ol>\n\n\n\n<p><strong>Dirigido a:<\/strong><\/p>\n\n\n\n<p>Ling\u00fcistas, antrop\u00f3logos, soci\u00f3logos, pedagogos, investigadores y alumnos de computaci\u00f3n o de Inteligencia Artificial y, en general, a cualquier persona interesada en la conservaci\u00f3n de las lenguas ind\u00edgenas y el desarrollo o uso de tecnolog\u00eda que fomente su pr\u00e1ctica, su aprendizaje y su conservaci\u00f3n para beneficio de sus hablantes.<\/p>\n","protected":false},"excerpt":{"rendered":"<p>CONGRESO INTERNACIONAL DE PROCESAMIENTO DE LENGUAJE NATURAL PARA LAS LENGUAS IND\u00cdGENAS PLN Ind\u00edgenas Ciudad Universitaria, Morelia, Michoac\u00e1n INGRESA A LA [&hellip;]<\/p>\n","protected":false},"author":1,"featured_media":0,"parent":0,"menu_order":0,"comment_status":"closed","ping_status":"closed","template":"","meta":{"om_disable_all_campaigns":false,"_monsterinsights_skip_tracking":false,"_monsterinsights_sitenote_active":false,"_monsterinsights_sitenote_note":"","_monsterinsights_sitenote_category":0},"aioseo_notices":[],"_links":{"self":[{"href":"https:\/\/amnlp.org\/index.php\/wp-json\/wp\/v2\/pages\/39"}],"collection":[{"href":"https:\/\/amnlp.org\/index.php\/wp-json\/wp\/v2\/pages"}],"about":[{"href":"https:\/\/amnlp.org\/index.php\/wp-json\/wp\/v2\/types\/page"}],"author":[{"embeddable":true,"href":"https:\/\/amnlp.org\/index.php\/wp-json\/wp\/v2\/users\/1"}],"replies":[{"embeddable":true,"href":"https:\/\/amnlp.org\/index.php\/wp-json\/wp\/v2\/comments?post=39"}],"version-history":[{"count":6,"href":"https:\/\/amnlp.org\/index.php\/wp-json\/wp\/v2\/pages\/39\/revisions"}],"predecessor-version":[{"id":190,"href":"https:\/\/amnlp.org\/index.php\/wp-json\/wp\/v2\/pages\/39\/revisions\/190"}],"wp:attachment":[{"href":"https:\/\/amnlp.org\/index.php\/wp-json\/wp\/v2\/media?parent=39"}],"curies":[{"name":"wp","href":"https:\/\/api.w.org\/{rel}","templated":true}]}}