{"id":10,"date":"2021-07-17T17:33:00","date_gmt":"2021-07-17T17:33:00","guid":{"rendered":"https:\/\/amnlp.org\/?page_id=10"},"modified":"2024-07-12T17:00:10","modified_gmt":"2024-07-12T17:00:10","slug":"crea-tu-web-con-bloques","status":"publish","type":"page","link":"https:\/\/amnlp.org\/","title":{"rendered":"INICIO"},"content":{"rendered":"\n<h1 class=\"alignwide has-text-align-wide has-gigantic-font-size\" style=\"line-height:1.1\">Avance para las Minor\u00edas mediante el Procesamiento de Lenguaje Natural<\/h1>\n\n\n\n<figure class=\"wp-block-image size-large\"><img loading=\"lazy\" width=\"1024\" height=\"391\" src=\"https:\/\/amnlp.org\/wp-content\/uploads\/2021\/07\/ecuador-indigenous-people-1-diego-delso.jpg\" alt=\"\" class=\"wp-image-29\" srcset=\"https:\/\/amnlp.org\/wp-content\/uploads\/2021\/07\/ecuador-indigenous-people-1-diego-delso.jpg 1024w, https:\/\/amnlp.org\/wp-content\/uploads\/2021\/07\/ecuador-indigenous-people-1-diego-delso-300x115.jpg 300w, https:\/\/amnlp.org\/wp-content\/uploads\/2021\/07\/ecuador-indigenous-people-1-diego-delso-768x293.jpg 768w\" sizes=\"(max-width: 1024px) 100vw, 1024px\" \/><\/figure>\n\n\n\n<div style=\"height:50px\" aria-hidden=\"true\" class=\"wp-block-spacer\"><\/div>\n\n\n\n<h3><strong><strong>Nacimiento de una comunidad m\u00e1s justa y tecnol\u00f3gica<\/strong><\/strong><\/h3>\n\n\n\n<p class=\"has-medium-font-size\">Buscamos aliados comprometidos y audaces que quieran sumar esfuerzos hacia la <strong>inclusi\u00f3n de los hablantes de lenguas minoritarias<\/strong> y la preservaci\u00f3n de \u00e9stas. <br>Si est\u00e1s trabajando en <em>herramientas tecnol\u00f3gicas<\/em> como apps m\u00f3viles, sitios web, creaci\u00f3n de diccionarios digitales o, incluso,<em> inteligencia artificial<\/em>. \u00a1\u00danete a nuestras causas! <br><a href=\"https:\/\/amnlp.org\/index.php\/proyectos\/\"><span class=\"has-inline-color has-vivid-cyan-blue-color\"><span style=\"text-decoration: underline;\">Revisa aqu\u00ed nuestros proyectos<\/span><\/span><\/a><span style=\"color:#1651e6\" class=\"has-inline-color\"><a href=\"https:\/\/amnlp.org\/index.php\/proyectos\/\">.<\/a><\/span><\/p>\n\n\n\n<div class=\"wp-block-columns alignwide are-vertically-aligned-top\">\n<div class=\"wp-block-column is-vertically-aligned-top\" style=\"flex-basis:24%\">\n<h3>Causas<\/h3>\n\n\n\n<ul style=\"font-size:18px\"><li>Preservaci\u00f3n de lenguas minoritarias.<\/li><li>Inclusi\u00f3n de hablantes de lenguas minoritarias.<\/li><\/ul>\n<\/div>\n\n\n\n<div class=\"wp-block-column is-vertically-aligned-top\" style=\"flex-basis:36%\">\n<h3>Objetivos<\/h3>\n\n\n\n<ul style=\"font-size:18px\"><li>Preservar las lenguas minoritarias.<\/li><li>Promover el uso de lenguas minoritarias en internet.<\/li><li>Crear oportunidades acad\u00e9micas y de negocio que beneficien a los hablantes de lenguas minoritarias y a los miembros de AMNLP.<\/li><\/ul>\n<\/div>\n\n\n\n<div class=\"wp-block-column is-vertically-aligned-top\">\n<h3 style=\"font-size:23px\">Congreso PLNI<\/h3>\n\n\n\n<p style=\"font-size:17px\">Dirigido a: Ling\u00fcistas, antrop\u00f3logos, soci\u00f3logos, pedagogos, investigadores y alumnos de computaci\u00f3n o de Inteligencia Artificial y a cualquier persona interesada en la conservaci\u00f3n de las lenguas ind\u00edgenas, el desarrollo o uso de tecnolog\u00eda que fomente su pr\u00e1ctica, aprendizaje y conservaci\u00f3n.<br><a href=\"https:\/\/amnlp.org\/index.php\/congreso-plni-2021\/\">Ver mas&#8230;<\/a><\/p>\n<\/div>\n<\/div>\n\n\n\n<p><\/p>\n","protected":false},"excerpt":{"rendered":"<p>Avance para las Minor\u00edas mediante el Procesamiento de Lenguaje Natural Nacimiento de una comunidad m\u00e1s justa y tecnol\u00f3gica Buscamos aliados [&hellip;]<\/p>\n","protected":false},"author":1,"featured_media":0,"parent":0,"menu_order":0,"comment_status":"closed","ping_status":"closed","template":"","meta":{"om_disable_all_campaigns":false,"_monsterinsights_skip_tracking":false,"_monsterinsights_sitenote_active":false,"_monsterinsights_sitenote_note":"","_monsterinsights_sitenote_category":0},"aioseo_notices":[],"_links":{"self":[{"href":"https:\/\/amnlp.org\/index.php\/wp-json\/wp\/v2\/pages\/10"}],"collection":[{"href":"https:\/\/amnlp.org\/index.php\/wp-json\/wp\/v2\/pages"}],"about":[{"href":"https:\/\/amnlp.org\/index.php\/wp-json\/wp\/v2\/types\/page"}],"author":[{"embeddable":true,"href":"https:\/\/amnlp.org\/index.php\/wp-json\/wp\/v2\/users\/1"}],"replies":[{"embeddable":true,"href":"https:\/\/amnlp.org\/index.php\/wp-json\/wp\/v2\/comments?post=10"}],"version-history":[{"count":23,"href":"https:\/\/amnlp.org\/index.php\/wp-json\/wp\/v2\/pages\/10\/revisions"}],"predecessor-version":[{"id":192,"href":"https:\/\/amnlp.org\/index.php\/wp-json\/wp\/v2\/pages\/10\/revisions\/192"}],"wp:attachment":[{"href":"https:\/\/amnlp.org\/index.php\/wp-json\/wp\/v2\/media?parent=10"}],"curies":[{"name":"wp","href":"https:\/\/api.w.org\/{rel}","templated":true}]}}